{"id":1578,"date":"2011-03-07T01:00:30","date_gmt":"2011-03-07T00:00:30","guid":{"rendered":"http:\/\/helgekoenig.de\/?page_id=1578"},"modified":"2021-08-08T17:45:38","modified_gmt":"2021-08-08T15:45:38","slug":"uber-mich","status":"publish","type":"page","link":"https:\/\/helgekoenig.de\/?page_id=1578","title":{"rendered":"\u00dcber mich"},"content":{"rendered":"\n<div class=\"wp-block-image\"><figure class=\"alignleft\"><img loading=\"lazy\" decoding=\"async\" width=\"420\" height=\"630\" src=\"https:\/\/helgekoenig.de\/wp-content\/uploads\/2018\/04\/096371_2018-04-13_14-43-43_99-420x630.jpg\" alt=\"\" class=\"wp-image-3049\" srcset=\"https:\/\/helgekoenig.de\/wp-content\/uploads\/2018\/04\/096371_2018-04-13_14-43-43_99-420x630.jpg 420w, https:\/\/helgekoenig.de\/wp-content\/uploads\/2018\/04\/096371_2018-04-13_14-43-43_99-744x1116.jpg 744w, https:\/\/helgekoenig.de\/wp-content\/uploads\/2018\/04\/096371_2018-04-13_14-43-43_99-768x1152.jpg 768w, https:\/\/helgekoenig.de\/wp-content\/uploads\/2018\/04\/096371_2018-04-13_14-43-43_99.jpg 1181w\" sizes=\"auto, (max-width: 420px) 100vw, 420px\" \/><\/figure><\/div>\n\n\n\n<p class=\"wp-block-paragraph\">Mein Name, der sich auch sehr gekonnt in der URL verbirgt, ist Helge K\u00f6nig.<\/p>\n\n\n\n<p class=\"wp-block-paragraph\">Diesen Blog, der am 19.10.2007 ins Leben gerufen wurde, besch\u00e4ftigt sich mit dem was mich Besch\u00e4ftigt (oder besch\u00e4ftigt hat). Das beginnt mit Pen &amp; Paper Rollenspielen, Literatur, Fotographie oder die Berichte zu den mich manche meiner Reisen inspirieren.<\/p>\n\n\n\n<p class=\"wp-block-paragraph\">Der Blog wird immer dann mit neuem Inhalt gef\u00fcllt, wenn ich die n\u00f6tige Zeit, Mu\u00dfe und Inspiration habe etwas zu verfassen.<\/p>\n\n\n\n<p class=\"wp-block-paragraph\">Falls du Kontakt mit mir aufnehmen m\u00f6chtest, geht das am besten \u00fcber mein <a href=\"https:\/\/www.linkedin.com\/in\/helge-k%C3%B6nig-85389296\">LinkedIn<\/a> Profil oder Helge at Helge Koenig punkt de.<\/p>\n","protected":false},"excerpt":{"rendered":"<p>Mein Name, der sich auch sehr gekonnt in der URL verbirgt, ist Helge K\u00f6nig. Diesen Blog, der am 19.10.2007 ins Leben gerufen wurde, besch\u00e4ftigt sich mit dem was mich Besch\u00e4ftigt (oder besch\u00e4ftigt hat). Das beginnt mit Pen &amp; Paper Rollenspielen, &hellip; <a href=\"https:\/\/helgekoenig.de\/?page_id=1578\">Weiter<\/a><\/p>\n","protected":false},"author":5,"featured_media":0,"parent":0,"menu_order":0,"comment_status":"closed","ping_status":"closed","template":"","meta":{"_crdt_document":"","footnotes":""},"class_list":["post-1578","page","type-page","status-publish","hentry"],"_links":{"self":[{"href":"https:\/\/helgekoenig.de\/index.php?rest_route=\/wp\/v2\/pages\/1578","targetHints":{"allow":["GET"]}}],"collection":[{"href":"https:\/\/helgekoenig.de\/index.php?rest_route=\/wp\/v2\/pages"}],"about":[{"href":"https:\/\/helgekoenig.de\/index.php?rest_route=\/wp\/v2\/types\/page"}],"author":[{"embeddable":true,"href":"https:\/\/helgekoenig.de\/index.php?rest_route=\/wp\/v2\/users\/5"}],"replies":[{"embeddable":true,"href":"https:\/\/helgekoenig.de\/index.php?rest_route=%2Fwp%2Fv2%2Fcomments&post=1578"}],"version-history":[{"count":13,"href":"https:\/\/helgekoenig.de\/index.php?rest_route=\/wp\/v2\/pages\/1578\/revisions"}],"predecessor-version":[{"id":3495,"href":"https:\/\/helgekoenig.de\/index.php?rest_route=\/wp\/v2\/pages\/1578\/revisions\/3495"}],"wp:attachment":[{"href":"https:\/\/helgekoenig.de\/index.php?rest_route=%2Fwp%2Fv2%2Fmedia&parent=1578"}],"curies":[{"name":"wp","href":"https:\/\/api.w.org\/{rel}","templated":true}]}}