{"id":564,"date":"2009-03-04T14:35:03","date_gmt":"2009-03-04T13:35:03","guid":{"rendered":"http:\/\/helgekoenig.de\/?page_id=564"},"modified":"2014-11-16T10:12:37","modified_gmt":"2014-11-16T09:12:37","slug":"downloads","status":"publish","type":"page","link":"https:\/\/helgekoenig.de\/?page_id=564","title":{"rendered":"Downloads"},"content":{"rendered":"<p>WordPress eignet sich nur bedingt f\u00fcr die Verwaltung von Dateien, deswegen habe ich hier eine extra Sparte eingef\u00fchrt. Da es sonst schnell recht Un\u00fcbersichtlich in meinem Blog wird.<\/p>\n<p>Alle hier angebotenen Dateien wurden von mir erstellt und k\u00f6nnen zum privaten Gebrauch verwendet werden.\u00a0 Schickt mir doch einfach eine Mail was ihr davon haltet.<\/p>\n<h1>ShadowRun<\/h1>\n<p>Alle hier angebotenen Dateien wurden mit <a href=\"http:\/\/www.libreoffice.org\" target=\"_blank\">LibeOffice<\/a> erstellt und ben\u00f6tigen dies zum Korrekten benutzten.<\/p>\n<h2>Charakterbl\u00e4tter<\/h2>\n<p>Mein blanko Datenblatt f\u00fcr Charaktere. Es ist unterteilt in:<\/p>\n<ul>\n<li>Erwacht<br \/>\nMagier &amp; Adepten<\/li>\n<li>Hacker &#8211; Mundan<br \/>\nF\u00fcr Hacker, Sammys oder sonstige mudnane Charaktere<\/li>\n<li>Technomancer<\/li>\n<li>Fahrzeugliste<\/li>\n<li>Connections<\/li>\n<\/ul>\n<p>Das meiste ist selbsterkl\u00e4rend und man braucht nur seine Daten zu pflegen. Macht man dies korrekt werden einige Werte wie Initiative, Essenz, Schadensleiste, etc berechnet und ausgegeben.<\/p>\n<p><a href=\"https:\/\/helgekoenig.de\/wp-content\/uploads\/2009\/03\/Charakterdatenblatt_v1.1.ods\">Charakterdatenblatt_v1.1<\/a><\/p>\n<h2>Archetypen<\/h2>\n<p>Alle diese Archetypen sind nach dem ShadowRun 4.01D Regeln f\u00fcr standard Charaktere erstellt worden. Also mit 500 GB und der Verf\u00fcgbarkeit-Einschr\u00e4nkung bis Stufe 6. Bei der Verf\u00fcgbarkeit habe ich mir jedoch hier und da eine kleine Ausnahme erlaubt. Denn bei manchen Gegenst\u00e4nden, stimme ich nicht immer zu oder es passt einfach zum Charakter.<\/p>\n<p>Die Archetypen im GRW 4.01D sind n\u00e4mlich auch nicht immer Regel konform oder stellenweise Fehlerhaft.<br \/>\nBei jedem Archetyp sind ein paar extra Spalten vorhanden um nachvollziehen zu k\u00f6nnen welche Kosten in GP und \u20ac dadurch entstanden sind. So kann man diese Archetypen auch einfach Modifizieren.<\/p>\n<h3>Der Hacker<\/h3>\n<p>Dies ist eigentlich meine erste Wahl wenn es um mundane Charakter geht. Wie der Name bereits ausdr\u00fcckt, hat er einen Schwerpunkt auf Hacking. Aber er ist eher alls &#8222;Allrounder&#8220; ausgelegt. Er hat Qualit\u00e4ten als sekund\u00e4r Rigger und ist auch im normalen &#8222;meatspace&#8220; wehrhaft.<\/p>\n<p><a href=\"https:\/\/helgekoenig.de\/wp-content\/uploads\/2009\/03\/Hacker_v1.1.ods\">Hacker_v1.1<\/a><\/p>\n<h3>Strassen-Samurai<\/h3>\n<p>Gro\u00df, breit, sto\u00df- und Wasserfest. Der Sammy ist ge\u00fcbt im Umgang mit allen gebr\u00e4uchlichen Waffen und Sprengstoffen. Er ist geschult in verdeckten Operationen und kann einem Punk auch die Nase brechen wenn es mal zum Nahkampf kommt. Seine Matrix-F\u00e4higkeiten sind vorhanden, aber unterentwickelt. Denn in der Welt von 207x ist es t\u00f6dlich nicht zu wissen, wie man auch ohne Decker an Informationen kommt.<\/p>\n<p><a href=\"https:\/\/helgekoenig.de\/wp-content\/uploads\/2009\/03\/Sammy_v1.1.ods\">Sammy_v1.1<\/a><\/p>\n<h3>Hermetischer Magier<\/h3>\n<p>Manaschleudern, Luftfuchtler oder einfach nur Magier. Dieser Archetyp spezialisiert sich auf Spruchzauberrei, ist aber dennoch geringf\u00fcgig Ge\u00fcbt in den Themen Beschw\u00f6reung, Askennen und Astralkampf. Aber wirklich Brilliant ist er nur bei der Spruchzauberrei, denn er startet mit einer breiten Auswahl an Zauberspr\u00fcchen. Er kann auch gut mit Pistolen umgehen, aber in den Nahkampf sollte man nicht mit ihm gehen.\u00a0 Aber selbst als Magier, verf\u00fcgt er \u00fcber minimale Matrixf\u00e4higkeiten.<\/p>\n<p><a href=\"https:\/\/helgekoenig.de\/wp-content\/uploads\/2009\/03\/Hermetiker_v1.0.ods\">Hermetiker_v1.0<\/a><\/p>\n","protected":false},"excerpt":{"rendered":"<p>WordPress eignet sich nur bedingt f\u00fcr die Verwaltung von Dateien, deswegen habe ich hier eine extra Sparte eingef\u00fchrt. Da es sonst schnell recht Un\u00fcbersichtlich in meinem Blog wird. Alle hier angebotenen Dateien wurden von mir erstellt und k\u00f6nnen zum privaten &hellip; <a href=\"https:\/\/helgekoenig.de\/?page_id=564\">Weiter<\/a><\/p>\n","protected":false},"author":5,"featured_media":0,"parent":0,"menu_order":0,"comment_status":"closed","ping_status":"closed","template":"","meta":{"_crdt_document":"","footnotes":""},"class_list":["post-564","page","type-page","status-publish","hentry"],"_links":{"self":[{"href":"https:\/\/helgekoenig.de\/index.php?rest_route=\/wp\/v2\/pages\/564","targetHints":{"allow":["GET"]}}],"collection":[{"href":"https:\/\/helgekoenig.de\/index.php?rest_route=\/wp\/v2\/pages"}],"about":[{"href":"https:\/\/helgekoenig.de\/index.php?rest_route=\/wp\/v2\/types\/page"}],"author":[{"embeddable":true,"href":"https:\/\/helgekoenig.de\/index.php?rest_route=\/wp\/v2\/users\/5"}],"replies":[{"embeddable":true,"href":"https:\/\/helgekoenig.de\/index.php?rest_route=%2Fwp%2Fv2%2Fcomments&post=564"}],"version-history":[{"count":0,"href":"https:\/\/helgekoenig.de\/index.php?rest_route=\/wp\/v2\/pages\/564\/revisions"}],"wp:attachment":[{"href":"https:\/\/helgekoenig.de\/index.php?rest_route=%2Fwp%2Fv2%2Fmedia&parent=564"}],"curies":[{"name":"wp","href":"https:\/\/api.w.org\/{rel}","templated":true}]}}